{"id":864,"date":"2019-07-08T19:20:54","date_gmt":"2019-07-08T19:20:54","guid":{"rendered":"http:\/\/cfimetal.com\/?page_id=864"},"modified":"2019-07-08T19:20:54","modified_gmt":"2019-07-08T19:20:54","slug":"career","status":"publish","type":"page","link":"https:\/\/cfimetal.com\/en\/career\/","title":{"rendered":"Career"},"content":{"rendered":"\n<style type=\"text\/css\" data-created_by=\"avia_inline_auto\" id=\"style-css-av-jn37ncxv-75592d1ab4f0d704d37f235ca6a5f590\">\n.avia-section.av-jn37ncxv-75592d1ab4f0d704d37f235ca6a5f590{\nbackground-color:#000000;\nbackground-image:url(https:\/\/cfimetal.com\/wp-content\/uploads\/2018\/11\/entete_realisations-1.jpg);\nbackground-repeat:no-repeat;\nbackground-position:50% 50%;\nbackground-attachment:scroll;\n}\n.avia-section.av-jn37ncxv-75592d1ab4f0d704d37f235ca6a5f590 .av-section-color-overlay{\nopacity:0.4;\nbackground-color:#000000;\n}\n<\/style>\n<div id='av_section_1'  class='avia-section av-jn37ncxv-75592d1ab4f0d704d37f235ca6a5f590 main_color avia-section-default avia-no-border-styling  avia-builder-el-0  el_before_av_section  avia-builder-el-first  avia-full-stretch avia-bg-style-scroll av-section-color-overlay-active av-minimum-height av-minimum-height-25 av-height-25  container_wrap fullsize'  data-section-bg-repeat='stretch' data-av_minimum_height_pc='25' data-av_min_height_opt='25'><div class=\"av-section-color-overlay-wrap\"><div class=\"av-section-color-overlay\"><\/div><div class='container av-section-cont-open' ><main  role=\"main\" itemprop=\"mainContentOfPage\"  class='template-page content  av-content-full alpha units'><div class='post-entry post-entry-type-page post-entry-864'><div class='entry-content-wrapper clearfix'>\n\n<style type=\"text\/css\" data-created_by=\"avia_inline_auto\" id=\"style-css-av-10c1n-bbc96a7a6e1fd1efef39fb214d286f34\">\n.flex_column.av-10c1n-bbc96a7a6e1fd1efef39fb214d286f34{\nborder-radius:0px 0px 0px 0px;\npadding:0px 0px 0px 0px;\n}\n<\/style>\n<div  class='flex_column av-10c1n-bbc96a7a6e1fd1efef39fb214d286f34 av_one_full  avia-builder-el-1  avia-builder-el-no-sibling  first no_margin flex_column_div av-zero-column-padding  '     ><style type=\"text\/css\" data-created_by=\"avia_inline_auto\" id=\"style-css-av-jwt7lxe7-954f3cef35ea700303e98b4c2bef5857\">\n#top .av-special-heading.av-jwt7lxe7-954f3cef35ea700303e98b4c2bef5857{\npadding-bottom:0;\ncolor:#ffffff;\nfont-size:3vw;\n}\nbody .av-special-heading.av-jwt7lxe7-954f3cef35ea700303e98b4c2bef5857 .av-special-heading-tag .heading-char{\nfont-size:25px;\n}\n#top #wrap_all .av-special-heading.av-jwt7lxe7-954f3cef35ea700303e98b4c2bef5857 .av-special-heading-tag{\nfont-size:3vw;\n}\n.av-special-heading.av-jwt7lxe7-954f3cef35ea700303e98b4c2bef5857 .special-heading-inner-border{\nborder-color:#ffffff;\n}\n.av-special-heading.av-jwt7lxe7-954f3cef35ea700303e98b4c2bef5857 .av-subheading{\nfont-size:15px;\n}\n\n@media only screen and (min-width: 768px) and (max-width: 989px){ \n#top #wrap_all .av-special-heading.av-jwt7lxe7-954f3cef35ea700303e98b4c2bef5857 .av-special-heading-tag{\nfont-size:27px;\n}\n}\n\n@media only screen and (min-width: 480px) and (max-width: 767px){ \n#top #wrap_all .av-special-heading.av-jwt7lxe7-954f3cef35ea700303e98b4c2bef5857 .av-special-heading-tag{\nfont-size:27px;\n}\n}\n\n@media only screen and (max-width: 479px){ \n#top #wrap_all .av-special-heading.av-jwt7lxe7-954f3cef35ea700303e98b4c2bef5857 .av-special-heading-tag{\nfont-size:35px;\n}\n}\n<\/style>\n<div  class='av-special-heading av-jwt7lxe7-954f3cef35ea700303e98b4c2bef5857 av-special-heading-h3 custom-color-heading blockquote modern-quote modern-centered  avia-builder-el-2  avia-builder-el-no-sibling  av-inherit-size'><h3 class='av-special-heading-tag'  itemprop=\"headline\"  >CAREER<\/h3><div class=\"special-heading-border\"><div class=\"special-heading-inner-border\"><\/div><\/div><\/div><\/div>\n\n<\/div><\/div><\/main><!-- close content main element --><\/div><\/div><\/div>\n<style type=\"text\/css\" data-created_by=\"avia_inline_auto\" id=\"style-css-av-jn37ncxv-7c0fcdb9ef39ed9eb0c4bf16ef85a412\">\n.avia-section.av-jn37ncxv-7c0fcdb9ef39ed9eb0c4bf16ef85a412{\nbackground-color:#68a7c1;\nbackground-image:unset;\n}\n<\/style>\n<div id='av_section_2'  class='avia-section av-jn37ncxv-7c0fcdb9ef39ed9eb0c4bf16ef85a412 main_color avia-section-default avia-no-border-styling  avia-builder-el-3  el_after_av_section  el_before_av_one_full  avia-bg-style-scroll container_wrap fullsize'  ><div class='container av-section-cont-open' ><div class='template-page content  av-content-full alpha units'><div class='post-entry post-entry-type-page post-entry-864'><div class='entry-content-wrapper clearfix'>\n\n<style type=\"text\/css\" data-created_by=\"avia_inline_auto\" id=\"style-css-av-10c1n-2c54f99fe90d0acba190d5e951ce0c58\">\n.flex_column.av-10c1n-2c54f99fe90d0acba190d5e951ce0c58{\nborder-radius:0px 0px 0px 0px;\npadding:0px 0px 0px 0px;\n}\n<\/style>\n<div  class='flex_column av-10c1n-2c54f99fe90d0acba190d5e951ce0c58 av_one_full  avia-builder-el-4  avia-builder-el-no-sibling  first no_margin flex_column_div  '     ><style type=\"text\/css\" data-created_by=\"avia_inline_auto\" id=\"style-css-av-jwt7o1ny-cde9fff758b9e5f93372a602484331d3\">\n#top .av-special-heading.av-jwt7o1ny-cde9fff758b9e5f93372a602484331d3{\npadding-bottom:0;\ncolor:#ffffff;\nfont-size:3vw;\n}\nbody .av-special-heading.av-jwt7o1ny-cde9fff758b9e5f93372a602484331d3 .av-special-heading-tag .heading-char{\nfont-size:25px;\n}\n#top #wrap_all .av-special-heading.av-jwt7o1ny-cde9fff758b9e5f93372a602484331d3 .av-special-heading-tag{\nfont-size:3vw;\n}\n.av-special-heading.av-jwt7o1ny-cde9fff758b9e5f93372a602484331d3 .special-heading-inner-border{\nborder-color:#ffffff;\n}\n.av-special-heading.av-jwt7o1ny-cde9fff758b9e5f93372a602484331d3 .av-subheading{\nfont-size:15px;\n}\n\n@media only screen and (min-width: 768px) and (max-width: 989px){ \n#top #wrap_all .av-special-heading.av-jwt7o1ny-cde9fff758b9e5f93372a602484331d3 .av-special-heading-tag{\nfont-size:27px;\n}\n}\n\n@media only screen and (min-width: 480px) and (max-width: 767px){ \n#top #wrap_all .av-special-heading.av-jwt7o1ny-cde9fff758b9e5f93372a602484331d3 .av-special-heading-tag{\nfont-size:27px;\n}\n}\n\n@media only screen and (max-width: 479px){ \n#top #wrap_all .av-special-heading.av-jwt7o1ny-cde9fff758b9e5f93372a602484331d3 .av-special-heading-tag{\nfont-size:35px;\n}\n}\n<\/style>\n<div  class='av-special-heading av-jwt7o1ny-cde9fff758b9e5f93372a602484331d3 av-special-heading-h3 custom-color-heading blockquote modern-quote modern-centered  avia-builder-el-5  avia-builder-el-no-sibling  av-inherit-size'><h3 class='av-special-heading-tag'  itemprop=\"headline\"  > Join an exceptional team!<\/h3><div class=\"special-heading-border\"><div class=\"special-heading-inner-border\"><\/div><\/div><\/div><\/div>\n<\/div><\/div><\/div><!-- close content main div --><\/div><\/div><div id='after_section_2'  class='main_color av_default_container_wrap container_wrap fullsize'  ><div class='container av-section-cont-open' ><div class='template-page content  av-content-full alpha units'><div class='post-entry post-entry-type-page post-entry-864'><div class='entry-content-wrapper clearfix'>\n\n<style type=\"text\/css\" data-created_by=\"avia_inline_auto\" id=\"style-css-av-wfzm-933d66fe0a8517ba9e62e57611220394\">\n.flex_column.av-wfzm-933d66fe0a8517ba9e62e57611220394{\nborder-radius:0px 0px 0px 0px;\npadding:0px 0px 0px 0px;\n}\n<\/style>\n<div  class='flex_column av-wfzm-933d66fe0a8517ba9e62e57611220394 av_one_full  avia-builder-el-6  el_after_av_section  el_before_av_textblock  avia-builder-el-first  first flex_column_div av-zero-column-padding  '     ><section  class='av_textblock_section av-jwt7z10k-6285288ecfa1fe6c0de2d6d23434a034 '   itemscope=\"itemscope\" itemtype=\"https:\/\/schema.org\/CreativeWork\" ><div class='avia_textblock'  itemprop=\"text\" ><h2>Employment opportunities<\/h2>\n<div  class='hr av-7xc92-65a0b2e671dd6af76bda0e4952862083 hr-default  avia-builder-el-8  avia-builder-el-no-sibling '><span class='hr-inner '><span class=\"hr-inner-style\"><\/span><\/span><\/div>\n<\/div><\/section><\/div>\n<section  class='av_textblock_section av-jxur1jex-02d8529fa605c2a68642746980d8396a '   itemscope=\"itemscope\" itemtype=\"https:\/\/schema.org\/CreativeWork\" ><div class='avia_textblock'  itemprop=\"text\" ><p style=\"text-align: center;\"><strong>Welder<\/strong><\/p>\n<p><u>Job description:<\/u><\/p>\n<p>In keeping with the mission, values and vision of CFI Metal, the welder is responsible for performing the various tasks related to the execution of projects, including welding and assembly tasks, in compliance with our standards and procedures and in conformity with the shop drawings and Supervisor&#8217;s instructions to achieve the objectives and directions established by the Operations Branch.<\/p>\n<ul>\n<li>Uses small tools and consumables at 100% and without unnecessary expense<\/li>\n<li>Uses the full potential of the material included in the projects<\/li>\n<li>Works in teams with colleagues<\/li>\n<li>Communicates regularly with the Production Supervisor<\/li>\n<li>Performs work in accordance with shop drawings, supervisor&#8217;s instructions and in compliance with standards, procedures and health and safety rules<\/li>\n<\/ul>\n<p><u>The main responsibilities of the welder<\/u><\/p>\n<ul>\n<li>Performs welding and assembly work as per shop drawings<\/li>\n<li>Applies working methods to respect shop drawings<\/li>\n<li>Maximizes the use of small tools, consumables and production equipment<\/li>\n<li>Communicates regularly with the manufacturing supervisor<\/li>\n<li>Enforces and respects HSEQ rules, policies, procedures and company standards<\/li>\n<\/ul>\n<p><u>Required profile:<\/u><\/p>\n<p>Academic background<\/p>\n<ul>\n<li>Diploma of professional studies (DEP) in welding and \/ or equivalent experience<\/li>\n<\/ul>\n<p>Skills \/ Abilities<\/p>\n<ul>\n<li>Four position weld knowledge<\/li>\n<li>Knowledge in assembly techniques<\/li>\n<li>Knowledge of simple metallurgical rules<\/li>\n<li>Knowledge and application of occupational health and safety rules<\/li>\n<li>Good physical ability<\/li>\n<li>Flexibility and sense of responsibility<\/li>\n<\/ul>\n<p style=\"text-align: center;\"><strong>Casual laborer<\/strong><\/p>\n<p><u>Job description:<\/u><\/p>\n<p>In keeping with the mission, values and vision of CFI Metal, the laborer is responsible for performing all the tasks of handling and preparing equipment related to the day-to-day operations of the workshop as well as the maintenance of buildings and equipment in order to achieve the objectives and directions established by the production supervisor.<\/p>\n<p>Works in collaboration with welders.<\/p>\n<p>Performs the work in accordance with the supervisor&#8217;s instructions and respecting the standards, procedures and health and safety rules.<\/p>\n<p><u>The main responsibilities of the laborer<\/u><\/p>\n<ul>\n<li>Supports production by placing and moving parts and materials as per supervisor&#8217;s requests<\/li>\n<li>Performs loading and unloading of parts and materials with a forklift or other lifting aids.<\/li>\n<li>Maintains and repairs equipment and building<\/li>\n<li>Prepares the various parts, crates or assemblies for shipping<\/li>\n<li>Performs various production-related tasks as identified by the supervisor<\/li>\n<\/ul>\n<p><u>Required profile:<\/u><\/p>\n<p>Academic background<\/p>\n<ul>\n<li>Secondary school diploma (DES) or experience related to the position<\/li>\n<\/ul>\n<p>Skills \/ Abilities<\/p>\n<ul>\n<li>Knowledge and application of health and safety in the workplace<\/li>\n<li>Teamwork<\/li>\n<li>Manual dexterity and good physical ability<\/li>\n<li>Versatility, sense of responsibility and autonomy<\/li>\n<\/ul>\n<p style=\"text-align: center;\"><strong>Shipping Clerk &#8211; Reception\/expedition<\/strong><\/p>\n<p><u>Job description:<\/u><\/p>\n<p>In keeping with the mission, values and vision of CFI Metal, the Shipping \/ Receiving Clerk is responsible for all handling and preparation of material related to transportation and intake management. Materials departures and finished projects of the workshop as well as the maintenance tasks of the storage places and equipment related to these tasks is also part of his functions.<\/p>\n<p>Works in collaboration with the manufacturing team.<\/p>\n<p>Performs the work in accordance with the supervisor&#8217;s instructions and respecting the standards, procedures and health and safety rules.<\/p>\n<p><u>The main responsibilities of the shipping clerk<\/u><\/p>\n<ul>\n<li>Inspect the materials received and designate a storage location<\/li>\n<li>Keeps track of the receipt of materials and notifies the Project Authority of errors.<\/li>\n<li>Dispatches finished product orders while following the documentary process<\/li>\n<\/ul>\n<p><u>Required profile:<\/u><\/p>\n<p>Academic background<\/p>\n<ul>\n<li>High school diploma (DES) and \/ or experience related to the position<\/li>\n<\/ul>\n<p>Skills \/ Abilities<\/p>\n<ul>\n<li>Knowledge of health and safety in the workplace<\/li>\n<li>Teamwork<\/li>\n<li>Manual dexterity and good physical ability<\/li>\n<li>Versatility, sense of responsibility and autonomy<\/li>\n<li>Analytical skills<\/li>\n<\/ul>\n<p style=\"text-align: center;\"><strong>Industrial painter<\/strong><\/p>\n<p><u>Job description:<\/u><\/p>\n<p>In keeping with the mission, values and vision of CFI M\u00e9tal, the industrial painter is responsible for preparing metal surfaces for painting or other coatings by sandblasting and applying sandblast. paintings. Performs the finishing work as well as necessary retouching to ensure high quality work visually.<\/p>\n<p>Works in collaboration with welders.<\/p>\n<p>Performs the work in accordance with the supervisor&#8217;s instructions and respecting the standards, procedures and health and safety rules.<\/p>\n<p><u>The main responsibilities of the painter<\/u><\/p>\n<ul>\n<li>Use sandblasting equipment<\/li>\n<li>Make the necessary masking of the parts<\/li>\n<li>Use pneumatic painting tools and check thicknesses using measuring instruments<\/li>\n<\/ul>\n<p><u>Required profile:<\/u><\/p>\n<p>Academic background<\/p>\n<ul>\n<li>High school diploma (DES) and \/ or experience related to the position<\/li>\n<\/ul>\n<p>Skills \/ Abilities<\/p>\n<ul>\n<li>Knowledge of health and safety in the workplace<\/li>\n<li>Manual dexterity and good physical ability<\/li>\n<li>Versatility, sense of responsibility and autonomy<\/li>\n<li>Good perception of colors<\/li>\n<li>Meticulousness, precision and attention to detail<\/li>\n<\/ul>\n<\/div><\/section>\n","protected":false},"excerpt":{"rendered":"","protected":false},"author":3,"featured_media":0,"parent":0,"menu_order":0,"comment_status":"closed","ping_status":"closed","template":"","meta":{"footnotes":""},"yoast_head":"<!-- This site is optimized with the Yoast SEO plugin v21.3 - https:\/\/yoast.com\/wordpress\/plugins\/seo\/ -->\n<title>Career - CFI M\u00e9tal<\/title>\n<meta name=\"robots\" content=\"index, follow, max-snippet:-1, max-image-preview:large, max-video-preview:-1\" \/>\n<link rel=\"canonical\" href=\"https:\/\/cfimetal.com\/en\/career\/\" \/>\n<meta property=\"og:locale\" content=\"en_US\" \/>\n<meta property=\"og:type\" content=\"article\" \/>\n<meta property=\"og:title\" content=\"Career - CFI M\u00e9tal\" \/>\n<meta property=\"og:url\" content=\"https:\/\/cfimetal.com\/en\/career\/\" \/>\n<meta property=\"og:site_name\" content=\"CFI M\u00e9tal\" \/>\n<meta name=\"twitter:card\" content=\"summary_large_image\" \/>\n<meta name=\"twitter:label1\" content=\"Est. reading time\" \/>\n\t<meta name=\"twitter:data1\" content=\"7 minutes\" \/>\n<script type=\"application\/ld+json\" class=\"yoast-schema-graph\">{\"@context\":\"https:\/\/schema.org\",\"@graph\":[{\"@type\":\"WebPage\",\"@id\":\"https:\/\/cfimetal.com\/en\/career\/\",\"url\":\"https:\/\/cfimetal.com\/en\/career\/\",\"name\":\"Career - CFI M\u00e9tal\",\"isPartOf\":{\"@id\":\"https:\/\/cfimetal.com\/#website\"},\"datePublished\":\"2019-07-08T19:20:54+00:00\",\"dateModified\":\"2019-07-08T19:20:54+00:00\",\"breadcrumb\":{\"@id\":\"https:\/\/cfimetal.com\/en\/career\/#breadcrumb\"},\"inLanguage\":\"en-US\",\"potentialAction\":[{\"@type\":\"ReadAction\",\"target\":[\"https:\/\/cfimetal.com\/en\/career\/\"]}]},{\"@type\":\"BreadcrumbList\",\"@id\":\"https:\/\/cfimetal.com\/en\/career\/#breadcrumb\",\"itemListElement\":[{\"@type\":\"ListItem\",\"position\":1,\"name\":\"Accueil\",\"item\":\"https:\/\/cfimetal.com\/en\/\"},{\"@type\":\"ListItem\",\"position\":2,\"name\":\"Career\"}]},{\"@type\":\"WebSite\",\"@id\":\"https:\/\/cfimetal.com\/#website\",\"url\":\"https:\/\/cfimetal.com\/\",\"name\":\"CFI M\u00e9tal\",\"description\":\"Une \u00e9quipe d\u00e9vou\u00e9e, ax\u00e9e solutions\",\"potentialAction\":[{\"@type\":\"SearchAction\",\"target\":{\"@type\":\"EntryPoint\",\"urlTemplate\":\"https:\/\/cfimetal.com\/?s={search_term_string}\"},\"query-input\":\"required name=search_term_string\"}],\"inLanguage\":\"en-US\"}]}<\/script>\n<!-- \/ Yoast SEO plugin. -->","yoast_head_json":{"title":"Career - CFI M\u00e9tal","robots":{"index":"index","follow":"follow","max-snippet":"max-snippet:-1","max-image-preview":"max-image-preview:large","max-video-preview":"max-video-preview:-1"},"canonical":"https:\/\/cfimetal.com\/en\/career\/","og_locale":"en_US","og_type":"article","og_title":"Career - CFI M\u00e9tal","og_url":"https:\/\/cfimetal.com\/en\/career\/","og_site_name":"CFI M\u00e9tal","twitter_card":"summary_large_image","twitter_misc":{"Est. reading time":"7 minutes"},"schema":{"@context":"https:\/\/schema.org","@graph":[{"@type":"WebPage","@id":"https:\/\/cfimetal.com\/en\/career\/","url":"https:\/\/cfimetal.com\/en\/career\/","name":"Career - CFI M\u00e9tal","isPartOf":{"@id":"https:\/\/cfimetal.com\/#website"},"datePublished":"2019-07-08T19:20:54+00:00","dateModified":"2019-07-08T19:20:54+00:00","breadcrumb":{"@id":"https:\/\/cfimetal.com\/en\/career\/#breadcrumb"},"inLanguage":"en-US","potentialAction":[{"@type":"ReadAction","target":["https:\/\/cfimetal.com\/en\/career\/"]}]},{"@type":"BreadcrumbList","@id":"https:\/\/cfimetal.com\/en\/career\/#breadcrumb","itemListElement":[{"@type":"ListItem","position":1,"name":"Accueil","item":"https:\/\/cfimetal.com\/en\/"},{"@type":"ListItem","position":2,"name":"Career"}]},{"@type":"WebSite","@id":"https:\/\/cfimetal.com\/#website","url":"https:\/\/cfimetal.com\/","name":"CFI M\u00e9tal","description":"Une \u00e9quipe d\u00e9vou\u00e9e, ax\u00e9e solutions","potentialAction":[{"@type":"SearchAction","target":{"@type":"EntryPoint","urlTemplate":"https:\/\/cfimetal.com\/?s={search_term_string}"},"query-input":"required name=search_term_string"}],"inLanguage":"en-US"}]}},"_links":{"self":[{"href":"https:\/\/cfimetal.com\/en\/wp-json\/wp\/v2\/pages\/864"}],"collection":[{"href":"https:\/\/cfimetal.com\/en\/wp-json\/wp\/v2\/pages"}],"about":[{"href":"https:\/\/cfimetal.com\/en\/wp-json\/wp\/v2\/types\/page"}],"author":[{"embeddable":true,"href":"https:\/\/cfimetal.com\/en\/wp-json\/wp\/v2\/users\/3"}],"replies":[{"embeddable":true,"href":"https:\/\/cfimetal.com\/en\/wp-json\/wp\/v2\/comments?post=864"}],"version-history":[{"count":1,"href":"https:\/\/cfimetal.com\/en\/wp-json\/wp\/v2\/pages\/864\/revisions"}],"predecessor-version":[{"id":885,"href":"https:\/\/cfimetal.com\/en\/wp-json\/wp\/v2\/pages\/864\/revisions\/885"}],"wp:attachment":[{"href":"https:\/\/cfimetal.com\/en\/wp-json\/wp\/v2\/media?parent=864"}],"curies":[{"name":"wp","href":"https:\/\/api.w.org\/{rel}","templated":true}]}}