{"id":541,"date":"2018-10-09T20:42:56","date_gmt":"2018-10-09T20:42:56","guid":{"rendered":"https:\/\/navigue3.com\/cfimetal\/contact\/"},"modified":"2019-07-08T19:32:51","modified_gmt":"2019-07-08T19:32:51","slug":"contact","status":"publish","type":"page","link":"https:\/\/cfimetal.com\/en\/contact\/","title":{"rendered":"Contact"},"content":{"rendered":"\n<style type=\"text\/css\" data-created_by=\"avia_inline_auto\" id=\"style-css-av-jn37ncxv-202a7b9208afaefb3b40a23466d183a4\">\n.avia-section.av-jn37ncxv-202a7b9208afaefb3b40a23466d183a4{\nbackground-color:#000000;\nbackground-image:url(https:\/\/cfimetal.com\/wp-content\/uploads\/2018\/11\/entete_contact.jpg);\nbackground-repeat:no-repeat;\nbackground-position:50% 50%;\nbackground-attachment:scroll;\n}\n.avia-section.av-jn37ncxv-202a7b9208afaefb3b40a23466d183a4 .av-section-color-overlay{\nopacity:0.3;\nbackground-color:#000000;\n}\n<\/style>\n<div id='av_section_1'  class='avia-section av-jn37ncxv-202a7b9208afaefb3b40a23466d183a4 main_color avia-section-default avia-no-border-styling  avia-builder-el-0  el_before_av_layout_row  avia-builder-el-first  avia-full-stretch avia-bg-style-scroll av-section-color-overlay-active av-minimum-height av-minimum-height-25 av-height-25  container_wrap fullsize'  data-section-bg-repeat='stretch' data-av_minimum_height_pc='25' data-av_min_height_opt='25'><div class=\"av-section-color-overlay-wrap\"><div class=\"av-section-color-overlay\"><\/div><div class='container av-section-cont-open' ><main  role=\"main\" itemprop=\"mainContentOfPage\"  class='template-page content  av-content-full alpha units'><div class='post-entry post-entry-type-page post-entry-541'><div class='entry-content-wrapper clearfix'>\n\n<style type=\"text\/css\" data-created_by=\"avia_inline_auto\" id=\"style-css-av-10c1n-bbc96a7a6e1fd1efef39fb214d286f34\">\n.flex_column.av-10c1n-bbc96a7a6e1fd1efef39fb214d286f34{\nborder-radius:0px 0px 0px 0px;\npadding:0px 0px 0px 0px;\n}\n<\/style>\n<div  class='flex_column av-10c1n-bbc96a7a6e1fd1efef39fb214d286f34 av_one_full  avia-builder-el-1  avia-builder-el-no-sibling  first no_margin flex_column_div av-zero-column-padding  '     ><style type=\"text\/css\" data-created_by=\"avia_inline_auto\" id=\"style-css-av-joae45hr-4bab3ad98333333c214f7a1118428bd9\">\n#top .av-special-heading.av-joae45hr-4bab3ad98333333c214f7a1118428bd9{\npadding-bottom:0;\ncolor:#ffffff;\nfont-size:3vw;\n}\nbody .av-special-heading.av-joae45hr-4bab3ad98333333c214f7a1118428bd9 .av-special-heading-tag .heading-char{\nfont-size:25px;\n}\n#top #wrap_all .av-special-heading.av-joae45hr-4bab3ad98333333c214f7a1118428bd9 .av-special-heading-tag{\nfont-size:3vw;\n}\n.av-special-heading.av-joae45hr-4bab3ad98333333c214f7a1118428bd9 .special-heading-inner-border{\nborder-color:#ffffff;\n}\n.av-special-heading.av-joae45hr-4bab3ad98333333c214f7a1118428bd9 .av-subheading{\nfont-size:15px;\n}\n\n@media only screen and (min-width: 768px) and (max-width: 989px){ \n#top #wrap_all .av-special-heading.av-joae45hr-4bab3ad98333333c214f7a1118428bd9 .av-special-heading-tag{\nfont-size:27px;\n}\n}\n\n@media only screen and (min-width: 480px) and (max-width: 767px){ \n#top #wrap_all .av-special-heading.av-joae45hr-4bab3ad98333333c214f7a1118428bd9 .av-special-heading-tag{\nfont-size:27px;\n}\n}\n\n@media only screen and (max-width: 479px){ \n#top #wrap_all .av-special-heading.av-joae45hr-4bab3ad98333333c214f7a1118428bd9 .av-special-heading-tag{\nfont-size:35px;\n}\n}\n<\/style>\n<div  class='av-special-heading av-joae45hr-4bab3ad98333333c214f7a1118428bd9 av-special-heading-h3 custom-color-heading blockquote modern-quote modern-centered  avia-builder-el-2  avia-builder-el-no-sibling  av-inherit-size'><h3 class='av-special-heading-tag'  itemprop=\"headline\"  >CONTACT<\/h3><div class=\"special-heading-border\"><div class=\"special-heading-inner-border\"><\/div><\/div><\/div><\/div>\n\n<\/div><\/div><\/main><!-- close content main element --><\/div><\/div><\/div><div id='av-layout-grid-1'  class='av-layout-grid-container av-jnnpelop-e18ae0e2da4ffe4dffee1e8f60e3af0d entry-content-wrapper main_color av-flex-cells  avia-builder-el-3  el_after_av_section  avia-builder-el-last  grid-row-not-first  container_wrap fullsize'  >\n\n<style type=\"text\/css\" data-created_by=\"avia_inline_auto\" id=\"style-css-av-jnnpf3oa-d2496fe3aafaafe42e8c4e195ce1f3c1\">\n.flex_cell.av-jnnpf3oa-d2496fe3aafaafe42e8c4e195ce1f3c1{\nvertical-align:top;\nbackground-color:#ffffff;\n}\n.responsive #top #wrap_all .flex_cell.av-jnnpf3oa-d2496fe3aafaafe42e8c4e195ce1f3c1{\npadding:30px 30px 30px 30px !important;\n}\n<\/style>\n<div class='flex_cell av-jnnpf3oa-d2496fe3aafaafe42e8c4e195ce1f3c1 av-gridrow-cell av_one_half no_margin  avia-builder-el-4  el_before_av_cell_one_half  avia-builder-el-first '  ><div class='flex_cell_inner'>\n<style type=\"text\/css\" data-created_by=\"avia_inline_auto\" id=\"style-css-av-y8i3-560d95dfc6406c094e3a16cabdfa43ce\">\n.flex_column.av-y8i3-560d95dfc6406c094e3a16cabdfa43ce{\nborder-radius:0px 0px 0px 0px;\npadding:0px 40px 0px 40px;\n}\n<\/style>\n<div  class='flex_column av-y8i3-560d95dfc6406c094e3a16cabdfa43ce av_one_full  avia-builder-el-5  avia-builder-el-no-sibling  first flex_column_div  '     ><section  class='av_textblock_section av-joafv8ly-a2e4a52147f512389e21b7a1656712b3 '   itemscope=\"itemscope\" itemtype=\"https:\/\/schema.org\/CreativeWork\" ><div class='avia_textblock'  itemprop=\"text\" ><p>CFI Metal will be happy to answer your questions and discuss your project based on your needs.<\/p>\n<h2><strong>For the management or for a project:<\/strong><\/h2>\n<p><strong>Christian Allard<br \/>\n<\/strong>General manager and Business development<br \/>\nPhone: 1(418)364-6320 #250<br \/>\nCellphone: 1(418)392-0388<br \/>\nFax\u00a0: 1(418)364-6191<br \/>\nEmail: <a href=\"mailto:callard@cfimetal.com\">callard@cfimetal.com<\/a><\/p>\n<h2><strong>To submit your application:<\/strong><\/h2>\n<p><strong>M\u00e9lissa Audet<br \/>\n<\/strong>Administrative agent<br \/>\nPhone: \u00a01(418)364-6320 #221<br \/>\nFax\u00a0: 1(418)364-6191<br \/>\nEmail: <a href=\"mailto:maudet@cfimetal.com\">maudet@cfimetal.com<\/a><\/p>\n<h2><strong>For any other information:<\/strong><\/h2>\n<p><strong>CFI Metal inc.<\/strong><br \/>\n145, Route 132 Est<br \/>\nCarleton-sur-Mer (Qc), G0C\u00a02Z0<br \/>\nPhone : 418-364-6320 #221<br \/>\nEmail: <a href=\"mailto:info@cfimetal.com\">info@cfimetal.com<\/a><\/p>\n<\/div><\/section><\/div>\n<\/div><\/div>\n<style type=\"text\/css\" data-created_by=\"avia_inline_auto\" id=\"style-css-av-zswe-a50925be549c4223f1f3b25307864f9a\">\n.flex_cell.av-zswe-a50925be549c4223f1f3b25307864f9a{\nvertical-align:top;\nbackground:url(https:\/\/cfimetal.com\/wp-content\/uploads\/2018\/11\/image_contact.jpg) 50% 50% no-repeat scroll ;\n}\n.responsive #top #wrap_all .flex_cell.av-zswe-a50925be549c4223f1f3b25307864f9a{\npadding:200px 30px 30px 30px !important;\n}\n<\/style>\n<div class='flex_cell av-zswe-a50925be549c4223f1f3b25307864f9a av-gridrow-cell av_one_half no_margin  avia-builder-el-7  el_after_av_cell_one_half  avia-builder-el-last  avia-full-stretch'  ><div class='flex_cell_inner'><\/div><\/div><\/div>\n","protected":false},"excerpt":{"rendered":"","protected":false},"author":2,"featured_media":0,"parent":0,"menu_order":0,"comment_status":"closed","ping_status":"closed","template":"","meta":{"footnotes":""},"yoast_head":"<!-- This site is optimized with the Yoast SEO plugin v21.3 - https:\/\/yoast.com\/wordpress\/plugins\/seo\/ -->\n<title>Contact - CFI M\u00e9tal<\/title>\n<meta name=\"robots\" content=\"index, follow, max-snippet:-1, max-image-preview:large, max-video-preview:-1\" \/>\n<link rel=\"canonical\" href=\"https:\/\/cfimetal.com\/en\/contact\/\" \/>\n<meta property=\"og:locale\" content=\"en_US\" \/>\n<meta property=\"og:type\" content=\"article\" \/>\n<meta property=\"og:title\" content=\"Contact - CFI M\u00e9tal\" \/>\n<meta property=\"og:url\" content=\"https:\/\/cfimetal.com\/en\/contact\/\" \/>\n<meta property=\"og:site_name\" content=\"CFI M\u00e9tal\" \/>\n<meta property=\"article:modified_time\" content=\"2019-07-08T19:32:51+00:00\" \/>\n<meta name=\"twitter:card\" content=\"summary_large_image\" \/>\n<meta name=\"twitter:label1\" content=\"Est. reading time\" \/>\n\t<meta name=\"twitter:data1\" content=\"3 minutes\" \/>\n<script type=\"application\/ld+json\" class=\"yoast-schema-graph\">{\"@context\":\"https:\/\/schema.org\",\"@graph\":[{\"@type\":\"WebPage\",\"@id\":\"https:\/\/cfimetal.com\/en\/contact\/\",\"url\":\"https:\/\/cfimetal.com\/en\/contact\/\",\"name\":\"Contact - CFI M\u00e9tal\",\"isPartOf\":{\"@id\":\"https:\/\/cfimetal.com\/#website\"},\"datePublished\":\"2018-10-09T20:42:56+00:00\",\"dateModified\":\"2019-07-08T19:32:51+00:00\",\"breadcrumb\":{\"@id\":\"https:\/\/cfimetal.com\/en\/contact\/#breadcrumb\"},\"inLanguage\":\"en-US\",\"potentialAction\":[{\"@type\":\"ReadAction\",\"target\":[\"https:\/\/cfimetal.com\/en\/contact\/\"]}]},{\"@type\":\"BreadcrumbList\",\"@id\":\"https:\/\/cfimetal.com\/en\/contact\/#breadcrumb\",\"itemListElement\":[{\"@type\":\"ListItem\",\"position\":1,\"name\":\"Accueil\",\"item\":\"https:\/\/cfimetal.com\/en\/\"},{\"@type\":\"ListItem\",\"position\":2,\"name\":\"Contact\"}]},{\"@type\":\"WebSite\",\"@id\":\"https:\/\/cfimetal.com\/#website\",\"url\":\"https:\/\/cfimetal.com\/\",\"name\":\"CFI M\u00e9tal\",\"description\":\"Une \u00e9quipe d\u00e9vou\u00e9e, ax\u00e9e solutions\",\"potentialAction\":[{\"@type\":\"SearchAction\",\"target\":{\"@type\":\"EntryPoint\",\"urlTemplate\":\"https:\/\/cfimetal.com\/?s={search_term_string}\"},\"query-input\":\"required name=search_term_string\"}],\"inLanguage\":\"en-US\"}]}<\/script>\n<!-- \/ Yoast SEO plugin. -->","yoast_head_json":{"title":"Contact - CFI M\u00e9tal","robots":{"index":"index","follow":"follow","max-snippet":"max-snippet:-1","max-image-preview":"max-image-preview:large","max-video-preview":"max-video-preview:-1"},"canonical":"https:\/\/cfimetal.com\/en\/contact\/","og_locale":"en_US","og_type":"article","og_title":"Contact - CFI M\u00e9tal","og_url":"https:\/\/cfimetal.com\/en\/contact\/","og_site_name":"CFI M\u00e9tal","article_modified_time":"2019-07-08T19:32:51+00:00","twitter_card":"summary_large_image","twitter_misc":{"Est. reading time":"3 minutes"},"schema":{"@context":"https:\/\/schema.org","@graph":[{"@type":"WebPage","@id":"https:\/\/cfimetal.com\/en\/contact\/","url":"https:\/\/cfimetal.com\/en\/contact\/","name":"Contact - CFI M\u00e9tal","isPartOf":{"@id":"https:\/\/cfimetal.com\/#website"},"datePublished":"2018-10-09T20:42:56+00:00","dateModified":"2019-07-08T19:32:51+00:00","breadcrumb":{"@id":"https:\/\/cfimetal.com\/en\/contact\/#breadcrumb"},"inLanguage":"en-US","potentialAction":[{"@type":"ReadAction","target":["https:\/\/cfimetal.com\/en\/contact\/"]}]},{"@type":"BreadcrumbList","@id":"https:\/\/cfimetal.com\/en\/contact\/#breadcrumb","itemListElement":[{"@type":"ListItem","position":1,"name":"Accueil","item":"https:\/\/cfimetal.com\/en\/"},{"@type":"ListItem","position":2,"name":"Contact"}]},{"@type":"WebSite","@id":"https:\/\/cfimetal.com\/#website","url":"https:\/\/cfimetal.com\/","name":"CFI M\u00e9tal","description":"Une \u00e9quipe d\u00e9vou\u00e9e, ax\u00e9e solutions","potentialAction":[{"@type":"SearchAction","target":{"@type":"EntryPoint","urlTemplate":"https:\/\/cfimetal.com\/?s={search_term_string}"},"query-input":"required name=search_term_string"}],"inLanguage":"en-US"}]}},"_links":{"self":[{"href":"https:\/\/cfimetal.com\/en\/wp-json\/wp\/v2\/pages\/541"}],"collection":[{"href":"https:\/\/cfimetal.com\/en\/wp-json\/wp\/v2\/pages"}],"about":[{"href":"https:\/\/cfimetal.com\/en\/wp-json\/wp\/v2\/types\/page"}],"author":[{"embeddable":true,"href":"https:\/\/cfimetal.com\/en\/wp-json\/wp\/v2\/users\/2"}],"replies":[{"embeddable":true,"href":"https:\/\/cfimetal.com\/en\/wp-json\/wp\/v2\/comments?post=541"}],"version-history":[{"count":11,"href":"https:\/\/cfimetal.com\/en\/wp-json\/wp\/v2\/pages\/541\/revisions"}],"predecessor-version":[{"id":895,"href":"https:\/\/cfimetal.com\/en\/wp-json\/wp\/v2\/pages\/541\/revisions\/895"}],"wp:attachment":[{"href":"https:\/\/cfimetal.com\/en\/wp-json\/wp\/v2\/media?parent=541"}],"curies":[{"name":"wp","href":"https:\/\/api.w.org\/{rel}","templated":true}]}}